{"id":18,"date":"2017-04-12T12:53:07","date_gmt":"2017-04-12T12:53:07","guid":{"rendered":"http:\/\/www.inkommande.se\/?page_id=18"},"modified":"2017-04-12T12:58:47","modified_gmt":"2017-04-12T12:58:47","slug":"om-sidan","status":"publish","type":"page","link":"http:\/\/www.inkommande.se\/?page_id=18","title":{"rendered":"Om sidan"},"content":{"rendered":"<p>V\u00e4lkommen till inkommande.se!<\/p>\n<p>Nu har inkommande.se \u00e5terlanserats under ny regi, h\u00e4r kommer vi dela med oss av f\u00f6retagsid\u00e9er som g\u00e4ller b\u00e5de produkter men ocks\u00e5 tj\u00e4nster. Ide\u00e9rna kommer att vara inspirerade av de senaste trenderna inom flera omr\u00e5den, som exempelvis IT, &amp; teknik, energi, fordon och infrastruktur m.m. Ide\u00e9rna f\u00e5r ni som l\u00e4sare sj\u00e4lva l\u00e4gga beslag p\u00e5 om ni s\u00e5 vill d\u00e5 jag inte \u00e4ger r\u00e4tten till id\u00e9en utan endast delar med mig av de senaste trenderna runt om i v\u00e4rlden.<\/p>\n<p>Jag hoppas att ni kommer att ha anv\u00e4ndning av id\u00e9erna eller att de inspirerar er entrepren\u00f6rsanda p\u00e5 ett s\u00e4tt eller annat!<\/p>\n","protected":false},"excerpt":{"rendered":"<p>V\u00e4lkommen till inkommande.se! Nu har inkommande.se \u00e5terlanserats under ny regi, h\u00e4r kommer vi dela med oss av f\u00f6retagsid\u00e9er som g\u00e4ller b\u00e5de produkter men ocks\u00e5 tj\u00e4nster. Ide\u00e9rna kommer att vara inspirerade av de senaste trenderna inom flera omr\u00e5den, som exempelvis IT, &amp; teknik, energi, fordon och infrastruktur m.m. Ide\u00e9rna f\u00e5r ni som l\u00e4sare sj\u00e4lva l\u00e4gga beslag [&hellip;]<\/p>\n","protected":false},"author":1,"featured_media":19,"parent":0,"menu_order":0,"comment_status":"closed","ping_status":"closed","template":"","meta":{"footnotes":""},"_links":{"self":[{"href":"http:\/\/www.inkommande.se\/index.php?rest_route=\/wp\/v2\/pages\/18"}],"collection":[{"href":"http:\/\/www.inkommande.se\/index.php?rest_route=\/wp\/v2\/pages"}],"about":[{"href":"http:\/\/www.inkommande.se\/index.php?rest_route=\/wp\/v2\/types\/page"}],"author":[{"embeddable":true,"href":"http:\/\/www.inkommande.se\/index.php?rest_route=\/wp\/v2\/users\/1"}],"replies":[{"embeddable":true,"href":"http:\/\/www.inkommande.se\/index.php?rest_route=%2Fwp%2Fv2%2Fcomments&post=18"}],"version-history":[{"count":2,"href":"http:\/\/www.inkommande.se\/index.php?rest_route=\/wp\/v2\/pages\/18\/revisions"}],"predecessor-version":[{"id":24,"href":"http:\/\/www.inkommande.se\/index.php?rest_route=\/wp\/v2\/pages\/18\/revisions\/24"}],"wp:featuredmedia":[{"embeddable":true,"href":"http:\/\/www.inkommande.se\/index.php?rest_route=\/wp\/v2\/media\/19"}],"wp:attachment":[{"href":"http:\/\/www.inkommande.se\/index.php?rest_route=%2Fwp%2Fv2%2Fmedia&parent=18"}],"curies":[{"name":"wp","href":"https:\/\/api.w.org\/{rel}","templated":true}]}}